{"id":16,"date":"2023-05-31T18:09:35","date_gmt":"2023-05-31T18:09:35","guid":{"rendered":"http:\/\/huevoreal.com.mx\/wp2023\/?page_id=16"},"modified":"2025-06-16T01:07:04","modified_gmt":"2025-06-16T01:07:04","slug":"huevo","status":"publish","type":"page","link":"https:\/\/huevoreal.com.mx\/wp2023\/huevo\/","title":{"rendered":"El Huevo"},"content":{"rendered":"\n<figure class=\"wp-block-image size-large\"><img decoding=\"async\" src=\"http:\/\/huevoreal.com.mx\/img\/elhuevo1.jpg\" alt=\"\"\/><\/figure>\n\n\n\n<p>El huevo es considerado uno de los alimentos m\u00e1s completos en el mundo. Un solo huevo aporta seis gramos de prote\u00edna y 14 nutrientes esenciales, incluyendo vitaminas A, B, D y E, adem\u00e1s de ser fuente de calcio, selenio y yodo. <\/p>\n\n\n\n<figure class=\"wp-block-image size-large\"><img loading=\"lazy\" decoding=\"async\" width=\"1024\" height=\"768\" src=\"http:\/\/huevoreal.com.mx\/wp2023\/wp-content\/uploads\/2025\/06\/PesoDeHuevo-1024x768.jpeg\" alt=\"\" class=\"wp-image-89\" srcset=\"https:\/\/huevoreal.com.mx\/wp2023\/wp-content\/uploads\/2025\/06\/PesoDeHuevo-1024x768.jpeg 1024w, https:\/\/huevoreal.com.mx\/wp2023\/wp-content\/uploads\/2025\/06\/PesoDeHuevo-300x225.jpeg 300w, https:\/\/huevoreal.com.mx\/wp2023\/wp-content\/uploads\/2025\/06\/PesoDeHuevo-768x576.jpeg 768w, https:\/\/huevoreal.com.mx\/wp2023\/wp-content\/uploads\/2025\/06\/PesoDeHuevo-1536x1152.jpeg 1536w, https:\/\/huevoreal.com.mx\/wp2023\/wp-content\/uploads\/2025\/06\/PesoDeHuevo.jpeg 1600w\" sizes=\"auto, (max-width: 1024px) 100vw, 1024px\" \/><\/figure>\n\n\n\n<p>El tama\u00f1o y peso de los huevos\u00a0var\u00eda seg\u00fan la especie y, en el caso de los huevos de gallina, seg\u00fan la edad de la gallina y su gen\u00e9tica.\u00a0En general, los huevos de gallina se clasifican por tama\u00f1o en peque\u00f1os (S), medianos (M), grandes (L) y extra grandes (XL)<\/p>\n\n\n\n<ul class=\"wp-block-list\">\n<li><strong>Peque\u00f1os (S):<\/strong>\u00a0Menos de 53 gramos.<\/li>\n\n\n\n<li><strong>Medianos (M):<\/strong>\u00a0De 53 a 63 gramos.<\/li>\n\n\n\n<li><strong>Grandes (L):<\/strong>\u00a0De 63 a 73 gramos.<\/li>\n\n\n\n<li><strong>Extra grandes (XL):<\/strong>\u00a0M\u00e1s de 73 gramos.\u00a0<\/li>\n<\/ul>\n\n\n\n<p><\/p>\n","protected":false},"excerpt":{"rendered":"<p>El huevo es considerado uno de los alimentos m\u00e1s completos en el mundo. Un solo huevo aporta seis gramos de prote\u00edna y 14 nutrientes esenciales, incluyendo vitaminas A, B, D y E, adem\u00e1s de ser fuente de calcio, selenio y yodo. El tama\u00f1o y peso de los huevos\u00a0var\u00eda seg\u00fan la<a href=\"https:\/\/huevoreal.com.mx\/wp2023\/huevo\/\" class=\"read-more\">Read More &#8230;<\/a><\/p>\n","protected":false},"author":1,"featured_media":0,"parent":0,"menu_order":0,"comment_status":"closed","ping_status":"closed","template":"","meta":{"footnotes":""},"class_list":["post-16","page","type-page","status-publish","hentry"],"_links":{"self":[{"href":"https:\/\/huevoreal.com.mx\/wp2023\/wp-json\/wp\/v2\/pages\/16","targetHints":{"allow":["GET"]}}],"collection":[{"href":"https:\/\/huevoreal.com.mx\/wp2023\/wp-json\/wp\/v2\/pages"}],"about":[{"href":"https:\/\/huevoreal.com.mx\/wp2023\/wp-json\/wp\/v2\/types\/page"}],"author":[{"embeddable":true,"href":"https:\/\/huevoreal.com.mx\/wp2023\/wp-json\/wp\/v2\/users\/1"}],"replies":[{"embeddable":true,"href":"https:\/\/huevoreal.com.mx\/wp2023\/wp-json\/wp\/v2\/comments?post=16"}],"version-history":[{"count":6,"href":"https:\/\/huevoreal.com.mx\/wp2023\/wp-json\/wp\/v2\/pages\/16\/revisions"}],"predecessor-version":[{"id":90,"href":"https:\/\/huevoreal.com.mx\/wp2023\/wp-json\/wp\/v2\/pages\/16\/revisions\/90"}],"wp:attachment":[{"href":"https:\/\/huevoreal.com.mx\/wp2023\/wp-json\/wp\/v2\/media?parent=16"}],"curies":[{"name":"wp","href":"https:\/\/api.w.org\/{rel}","templated":true}]}}